{"id":500,"date":"2025-06-19T08:01:04","date_gmt":"2025-06-19T08:01:04","guid":{"rendered":"https:\/\/valenciasaboramar.com\/?page_id=500"},"modified":"2025-07-15T09:20:52","modified_gmt":"2025-07-15T09:20:52","slug":"entrees-et-tapas","status":"publish","type":"page","link":"https:\/\/valenciasaboramar.com\/?page_id=500","title":{"rendered":"Entr\u00e9es et tapas"},"content":{"rendered":"<p>[et_pb_section fb_built=\u00bb1&#8243; _builder_version=\u00bb4.27.4&#8243; _module_preset=\u00bbdefault\u00bb global_colors_info=\u00bb{}\u00bb][et_pb_row _builder_version=\u00bb4.27.4&#8243; _module_preset=\u00bbdefault\u00bb global_colors_info=\u00bb{}\u00bb][et_pb_column type=\u00bb4_4&#8243; _builder_version=\u00bb4.27.4&#8243; _module_preset=\u00bbdefault\u00bb global_colors_info=\u00bb{}\u00bb][et_pb_text _builder_version=\u00bb4.27.4&#8243; _module_preset=\u00bbdefault\u00bb text_font=\u00bbCoda Caption||||||||\u00bb hover_enabled=\u00bb0&#8243; global_colors_info=\u00bb{}\u00bb sticky_enabled=\u00bb0&#8243;]<\/p>\n<h2><span style=\"color: #000000;\"><strong>Pommes de terre &amp; Tapas<\/strong><\/span><\/h2>\n<p>&nbsp;<\/p>\n<p><span style=\"color: #000000;\">16. Bravas (Pommes de terre \u00e9pic\u00e9es) \u2013 13,50\u20ac<\/span><br \/><span style=\"color: #000000;\">17. A\u00efoli (Pommes de terre \u00e0 la sauce \u00e0 l&#8217;ail) \u2013 12,00\u20ac<\/span><br \/><span style=\"color: #000000;\">18. Croquettes \u00e0 la b\u00e9chamel jambon\/poulet (4 pcs) \u2013 8,90\u20ac<\/span><br \/><span style=\"color: #000000;\">19. Grosses croquettes (6 pcs, prix par pi\u00e8ce) \u2013 3,50\u20ac<\/span><br \/><span style=\"color: #000000;\">20. Pain avec a\u00efoli et tomate (6 tranches) \u2013 3,50\u20ac<\/span><br \/><span style=\"color: #000000;\">21. Pain (4 tranches, prix par pi\u00e8ce) \u2013 2,50\u20ac<\/span><\/p>\n<p>[\/et_pb_text][\/et_pb_column][\/et_pb_row][\/et_pb_section]<\/p>\n","protected":false},"excerpt":{"rendered":"<p>Pommes de terre &amp; Tapas &nbsp; 16. Bravas (Pommes de terre \u00e9pic\u00e9es) \u2013 13,50\u20ac17. A\u00efoli (Pommes de terre \u00e0 la sauce \u00e0 l&#8217;ail) \u2013 12,00\u20ac18. Croquettes \u00e0 la b\u00e9chamel jambon\/poulet (4 pcs) \u2013 8,90\u20ac19. Grosses croquettes (6 pcs, prix par pi\u00e8ce) \u2013 3,50\u20ac20. Pain avec a\u00efoli et tomate (6 tranches) \u2013 3,50\u20ac21. Pain (4 tranches, [&hellip;]<\/p>\n","protected":false},"author":3,"featured_media":0,"parent":0,"menu_order":0,"comment_status":"closed","ping_status":"closed","template":"","meta":{"_et_pb_use_builder":"on","_et_pb_old_content":"","_et_gb_content_width":"","footnotes":""},"class_list":["post-500","page","type-page","status-publish","hentry"],"_links":{"self":[{"href":"https:\/\/valenciasaboramar.com\/index.php?rest_route=\/wp\/v2\/pages\/500","targetHints":{"allow":["GET"]}}],"collection":[{"href":"https:\/\/valenciasaboramar.com\/index.php?rest_route=\/wp\/v2\/pages"}],"about":[{"href":"https:\/\/valenciasaboramar.com\/index.php?rest_route=\/wp\/v2\/types\/page"}],"author":[{"embeddable":true,"href":"https:\/\/valenciasaboramar.com\/index.php?rest_route=\/wp\/v2\/users\/3"}],"replies":[{"embeddable":true,"href":"https:\/\/valenciasaboramar.com\/index.php?rest_route=%2Fwp%2Fv2%2Fcomments&post=500"}],"version-history":[{"count":4,"href":"https:\/\/valenciasaboramar.com\/index.php?rest_route=\/wp\/v2\/pages\/500\/revisions"}],"predecessor-version":[{"id":965,"href":"https:\/\/valenciasaboramar.com\/index.php?rest_route=\/wp\/v2\/pages\/500\/revisions\/965"}],"wp:attachment":[{"href":"https:\/\/valenciasaboramar.com\/index.php?rest_route=%2Fwp%2Fv2%2Fmedia&parent=500"}],"curies":[{"name":"wp","href":"https:\/\/api.w.org\/{rel}","templated":true}]}}