{"id":580,"date":"2025-06-20T09:13:21","date_gmt":"2025-06-20T09:13:21","guid":{"rendered":"https:\/\/valenciasaboramar.com\/?page_id=580"},"modified":"2025-07-15T09:28:46","modified_gmt":"2025-07-15T09:28:46","slug":"belegte-brotchen-bocadillos","status":"publish","type":"page","link":"https:\/\/valenciasaboramar.com\/?page_id=580","title":{"rendered":"BELEGTE BR\u00d6TCHEN \/ BOCADILLOS"},"content":{"rendered":"<p>[et_pb_section fb_built=\u00bb1&#8243; _builder_version=\u00bb4.27.4&#8243; _module_preset=\u00bbdefault\u00bb global_colors_info=\u00bb{}\u00bb][et_pb_row _builder_version=\u00bb4.27.4&#8243; _module_preset=\u00bbdefault\u00bb global_colors_info=\u00bb{}\u00bb][et_pb_column type=\u00bb4_4&#8243; _builder_version=\u00bb4.27.4&#8243; _module_preset=\u00bbdefault\u00bb global_colors_info=\u00bb{}\u00bb][et_pb_text _builder_version=\u00bb4.27.4&#8243; _module_preset=\u00bbdefault\u00bb text_font=\u00bbCoda Caption||||||||\u00bb hover_enabled=\u00bb0&#8243; global_colors_info=\u00bb{}\u00bb sticky_enabled=\u00bb0&#8243;]<\/p>\n<h2><span style=\"color: #000000;\"><strong>BELEGTE BR\u00d6TCHEN \/ BOCADILLOS<\/strong><\/span><\/h2>\n<p><em><span style=\"color: #000000;\"><strong>Von 12:00 Uhr bis 19:00 Uhr gibt es keine belegten Br\u00f6tchen.<\/strong><\/span><\/em><\/p>\n<p><em><span style=\"color: #000000;\"><strong><\/strong><\/span><\/em><\/p>\n<p><em><span style=\"color: #000000;\">\u20ac8,90 pro St\u00fcck<\/span><\/em><\/p>\n<p><span style=\"color: #000000;\">1. Spanisches Kartoffelomelett<\/span><\/p>\n<p><span style=\"color: #000000;\">2. Kartoffelomelett mit Zwiebel<\/span><\/p>\n<p><span style=\"color: #000000;\">3. Franz\u00f6sisches Omelett<\/span><\/p>\n<p><span style=\"color: #000000;\">4. Thunfisch mit Oliven<\/span><\/p>\n<p><span style=\"color: #000000;\">5. Frittierte Tintenfischringe<\/span><\/p>\n<p><span style=\"color: #000000;\">6. Schweinelende mit K\u00e4se<\/span><\/p>\n<p><span style=\"color: #000000;\">7. Aufschnitt \u201e2 Scheiben\u201c<\/span><\/p>\n<p><span style=\"color: #000000;\">8. Chistorra-Wurst<\/span><\/p>\n<p><span style=\"color: #000000;\">9. Sobrasada mit K\u00e4se<\/span><\/p>\n<p><span style=\"color: #000000;\"><\/span><\/p>\n<p><em><span style=\"color: #000000;\"><strong>Weitere Optionen:<\/strong><\/span><\/em><\/p>\n<p><span style=\"color: #000000;\">10. Sandwich mit Schinken und K\u00e4se \u2013 \u20ac8,90<\/span><\/p>\n<p><span style=\"color: #000000;\"><\/span><\/p>\n<p><em><span style=\"color: #000000;\"><strong>Zus\u00e4tze:<\/strong><\/span><\/em><\/p>\n<p><span style=\"color: #000000;\">11. Aioli \u2013 \u20ac1,00<\/span><\/p>\n<p><span style=\"color: #000000;\">12. Tomate \u2013 \u20ac1,00<\/span><\/p>\n<p><span style=\"color: #000000;\">13. Kartoffelw\u00fcrfel \u2013 \u20ac2,00<\/span><\/p>\n<p><span style=\"color: #000000;\">14. Ei \u2013 \u20ac2,00<\/span><\/p>\n<p><span style=\"color: #000000;\">15. Speck \u2013 \u20ac2,00<\/span><\/p>\n<p>[\/et_pb_text][\/et_pb_column][\/et_pb_row][\/et_pb_section]<\/p>\n","protected":false},"excerpt":{"rendered":"<p>BELEGTE BR\u00d6TCHEN \/ BOCADILLOS Von 12:00 Uhr bis 19:00 Uhr gibt es keine belegten Br\u00f6tchen. \u20ac8,90 pro St\u00fcck 1. Spanisches Kartoffelomelett 2. Kartoffelomelett mit Zwiebel 3. Franz\u00f6sisches Omelett 4. Thunfisch mit Oliven 5. Frittierte Tintenfischringe 6. Schweinelende mit K\u00e4se 7. Aufschnitt \u201e2 Scheiben\u201c 8. Chistorra-Wurst 9. Sobrasada mit K\u00e4se Weitere Optionen: 10. Sandwich mit Schinken [&hellip;]<\/p>\n","protected":false},"author":3,"featured_media":0,"parent":0,"menu_order":0,"comment_status":"closed","ping_status":"closed","template":"","meta":{"_et_pb_use_builder":"on","_et_pb_old_content":"","_et_gb_content_width":"","footnotes":""},"class_list":["post-580","page","type-page","status-publish","hentry"],"_links":{"self":[{"href":"https:\/\/valenciasaboramar.com\/index.php?rest_route=\/wp\/v2\/pages\/580","targetHints":{"allow":["GET"]}}],"collection":[{"href":"https:\/\/valenciasaboramar.com\/index.php?rest_route=\/wp\/v2\/pages"}],"about":[{"href":"https:\/\/valenciasaboramar.com\/index.php?rest_route=\/wp\/v2\/types\/page"}],"author":[{"embeddable":true,"href":"https:\/\/valenciasaboramar.com\/index.php?rest_route=\/wp\/v2\/users\/3"}],"replies":[{"embeddable":true,"href":"https:\/\/valenciasaboramar.com\/index.php?rest_route=%2Fwp%2Fv2%2Fcomments&post=580"}],"version-history":[{"count":5,"href":"https:\/\/valenciasaboramar.com\/index.php?rest_route=\/wp\/v2\/pages\/580\/revisions"}],"predecessor-version":[{"id":970,"href":"https:\/\/valenciasaboramar.com\/index.php?rest_route=\/wp\/v2\/pages\/580\/revisions\/970"}],"wp:attachment":[{"href":"https:\/\/valenciasaboramar.com\/index.php?rest_route=%2Fwp%2Fv2%2Fmedia&parent=580"}],"curies":[{"name":"wp","href":"https:\/\/api.w.org\/{rel}","templated":true}]}}