{"id":766,"date":"2025-06-29T11:08:10","date_gmt":"2025-06-29T11:08:10","guid":{"rendered":"https:\/\/valenciasaboramar.com\/?page_id=766"},"modified":"2025-08-12T09:03:41","modified_gmt":"2025-08-12T09:03:41","slug":"5-descuenta","status":"publish","type":"page","link":"https:\/\/valenciasaboramar.com\/?page_id=766","title":{"rendered":"5% descuenta"},"content":{"rendered":"<p>[et_pb_section fb_built=\u00bb1&#8243; _builder_version=\u00bb4.27.4&#8243; _module_preset=\u00bbdefault\u00bb global_colors_info=\u00bb{}\u00bb][et_pb_row _builder_version=\u00bb4.27.4&#8243; _module_preset=\u00bbdefault\u00bb global_colors_info=\u00bb{}\u00bb][et_pb_column type=\u00bb4_4&#8243; _builder_version=\u00bb4.27.4&#8243; _module_preset=\u00bbdefault\u00bb global_colors_info=\u00bb{}\u00bb][et_pb_text _builder_version=\u00bb4.27.4&#8243; _module_preset=\u00bbdefault\u00bb text_font=\u00bbCoda Caption||||||||\u00bb hover_enabled=\u00bb0&#8243; global_colors_info=\u00bb{}\u00bb sticky_enabled=\u00bb0&#8243;]<\/p>\n<h3 data-start=\"53\" data-end=\"239\"><span style=\"color: #000000;\"><strong data-start=\"53\" data-end=\"102\">\u00a1Deja tu opini\u00f3n y recibe un 5% de descuento!<\/strong><\/span><\/h3>\n<h3 data-start=\"53\" data-end=\"239\"><br data-start=\"102\" data-end=\"105\" \/><span style=\"color: #000000;\">Tu opini\u00f3n vale oro. Escribe una rese\u00f1a sobre tu experiencia en El Chiringuito y recibe un <strong data-start=\"196\" data-end=\"236\">5% de descuento.<\/strong><\/span><\/h3>\n<h3 data-start=\"241\" data-end=\"352\"><span style=\"color: #000000;\">Solo tienes que mostrar tu rese\u00f1a positiva a nuestro equipo. \u00a1Gracias por tu apoyo y nos vemos pronto en El Chiringuito!<\/span><\/h3>\n<p>[\/et_pb_text][\/et_pb_column][\/et_pb_row][\/et_pb_section][et_pb_section fb_built=\u00bb1&#8243; _builder_version=\u00bb4.27.4&#8243; _module_preset=\u00bbdefault\u00bb global_colors_info=\u00bb{}\u00bb][et_pb_row _builder_version=\u00bb4.27.4&#8243; _module_preset=\u00bbdefault\u00bb background_color=\u00bb#E09900&#8243; border_radii=\u00bbon|27px|27px|27px|27px\u00bb global_colors_info=\u00bb{}\u00bb][et_pb_column type=\u00bb4_4&#8243; _builder_version=\u00bb4.27.4&#8243; _module_preset=\u00bbdefault\u00bb global_colors_info=\u00bb{}\u00bb][et_pb_button button_url=\u00bbhttps:\/\/www.google.com\/maps\/place\/El+chiringuito\/@39.47691,-0.3242847,17z\/data=!3m1!4b1!4m6!3m5!1s0xd604900082a9815:0x81fc208b432f78d7!8m2!3d39.47691!4d-0.3242847!16s%2Fg%2F11x2cxrklh?hl=en&#038;entry=ttu&#038;g_ep=EgoyMDI1MDYyMy4yIKXMDSoASAFQAw%3D%3D\u00bb url_new_window=\u00bbon\u00bb button_text=\u00bbEscribe una rese\u00f1a\u00bb button_alignment=\u00bbcenter\u00bb _builder_version=\u00bb4.27.4&#8243; _module_preset=\u00bbdefault\u00bb custom_button=\u00bbon\u00bb button_text_size=\u00bb36px\u00bb button_text_color=\u00bb#E09900&#8243; button_bg_color=\u00bb#1FE0BA\u00bb button_border_color=\u00bb#FFFFFF\u00bb button_border_radius=\u00bb6px\u00bb button_letter_spacing=\u00bb7px\u00bb button_font=\u00bbCoda Caption|700|||||||\u00bb button_icon_color=\u00bb#EDF000&#8243; animation_style=\u00bbfade\u00bb box_shadow_style=\u00bbpreset6&#8243; box_shadow_vertical=\u00bb-9px\u00bb box_shadow_color=\u00bb#FFFFFF\u00bb global_colors_info=\u00bb{}\u00bb][\/et_pb_button][\/et_pb_column][\/et_pb_row][\/et_pb_section]<\/p>\n","protected":false},"excerpt":{"rendered":"<p>\u00a1Deja tu opini\u00f3n y recibe un 5% de descuento! Tu opini\u00f3n vale oro. Escribe una rese\u00f1a sobre tu experiencia en El Chiringuito y recibe un 5% de descuento. Solo tienes que mostrar tu rese\u00f1a positiva a nuestro equipo. \u00a1Gracias por tu apoyo y nos vemos pronto en El Chiringuito!<\/p>\n","protected":false},"author":3,"featured_media":0,"parent":0,"menu_order":0,"comment_status":"closed","ping_status":"closed","template":"","meta":{"_et_pb_use_builder":"on","_et_pb_old_content":"","_et_gb_content_width":"","footnotes":""},"class_list":["post-766","page","type-page","status-publish","hentry"],"_links":{"self":[{"href":"https:\/\/valenciasaboramar.com\/index.php?rest_route=\/wp\/v2\/pages\/766","targetHints":{"allow":["GET"]}}],"collection":[{"href":"https:\/\/valenciasaboramar.com\/index.php?rest_route=\/wp\/v2\/pages"}],"about":[{"href":"https:\/\/valenciasaboramar.com\/index.php?rest_route=\/wp\/v2\/types\/page"}],"author":[{"embeddable":true,"href":"https:\/\/valenciasaboramar.com\/index.php?rest_route=\/wp\/v2\/users\/3"}],"replies":[{"embeddable":true,"href":"https:\/\/valenciasaboramar.com\/index.php?rest_route=%2Fwp%2Fv2%2Fcomments&post=766"}],"version-history":[{"count":10,"href":"https:\/\/valenciasaboramar.com\/index.php?rest_route=\/wp\/v2\/pages\/766\/revisions"}],"predecessor-version":[{"id":988,"href":"https:\/\/valenciasaboramar.com\/index.php?rest_route=\/wp\/v2\/pages\/766\/revisions\/988"}],"wp:attachment":[{"href":"https:\/\/valenciasaboramar.com\/index.php?rest_route=%2Fwp%2Fv2%2Fmedia&parent=766"}],"curies":[{"name":"wp","href":"https:\/\/api.w.org\/{rel}","templated":true}]}}